{"id":67,"date":"2020-08-25T12:13:16","date_gmt":"2020-08-25T12:13:16","guid":{"rendered":"https:\/\/annikastumpp.net\/?page_id=67"},"modified":"2026-01-08T01:26:15","modified_gmt":"2026-01-08T00:26:15","slug":"buehne","status":"publish","type":"page","link":"https:\/\/annikastumpp.net\/?page_id=67","title":{"rendered":"B\u00dcHNE"},"content":{"rendered":"\n<p><strong>2025-26\u00a0\u00a0\u00a0 &#8222;Das Ruhrical&#8220; <\/strong>(Musical) <strong>&#8211; Petra, Ensemble<\/strong><br>Radio Ruhrpott<br>Regie: Bernd B\u00f6hne<\/p>\n\n\n\n<p><strong>2025   &#8222;Rock &#8217;n&#8216; Roll Dreams&#8220;<\/strong> (Musikshow)<strong> &#8211; Elaine, Swing<\/strong><br>Elspe Festival &#8211; Nat\u00fcrlich live<br>Regie, Choreografie: Annika Stumpp, Anna Vogt<br>Arr.: Annika Stumpp\/ MD: Anna Vogt<\/p>\n\n\n\n<p><strong>2025   &#8222;Winnetou und Old Firehand &#8211; Im Tal des Todes&#8220; &#8211; Ensemble<\/strong><br>Elspe Festival &#8211; Nat\u00fcrlich live<br>Regie: Marco K\u00fchne<\/p>\n\n\n\n<p><strong>2025   &#8222;Die Schl\u00fcmpfe &#8211; Das Musical&#8220; &#8211; Schlumpfine<\/strong><br>Why not ?! Events<br>Regie: Ellen K\u00e4rcher | MD: Francesco Cottone<\/p>\n\n\n\n<p><strong>2025   &#8222;Cinderella \u2013 Das 80er Jahre Musical&#8220; &#8211; Backing Vocals, Cover Cindy<\/strong><br>Theaterhits.de<br>Wiedereinstudierung: Dominik M\u00fcller | MD: Tim Schultheiss<strong><br><br>2024   &#8222;Der Geist der Weihnacht&#8220;<\/strong> (Musical) <strong>&#8211;<\/strong> <strong>Ensemble, Cover Engel<\/strong><br>Metronom Theater Oberhausen<br>Regie: Benjamin Sahler | Choreo: Stefanie Gr\u00f6ning<\/p>\n\n\n\n<p><strong>2024<\/strong> <strong> &#8222;Dont Stop Believing&#8220; <\/strong>(Musical Gala)<strong> &#8211;  Kate, Cover Jessie<\/strong><br>Elspe Festival &#8211; Nat\u00fcrlich live<br>Regie: Tyler William-Steele | Choreo: Victoria Lee-Bratcher<\/p>\n\n\n\n<p><strong>2024    &#8222;Winnetou und das Halbblut \u2013 Ein Kampf auf Leben und Tod<\/strong> &#8211; Ensemble<br>Elspe Festival &#8211; Nat\u00fcrlich live<br>Regie: Marco K\u00fchne<\/p>\n\n\n\n<p><strong>2023-24<\/strong>   <strong>&#8222;Ball im Savoy&#8220; <\/strong>(Jazz-Operette)<strong> &#8211; Ensemble<\/strong><br>Kammeroper K\u00f6ln<br>Regie\/Choreo: Vanni Viscusi<\/p>\n\n\n\n<p><strong>2021-24   &#8222;Darf ich noch auf eine Ohrfeige mit rauf kommen?&#8220; &#8211;<\/strong><br><strong>Heike, Uschi, Elene, Tina, Josi, Svetlana <\/strong><br>Theaterhits.de<br>Regie: Mario Zuber, Nadine K\u00fchn<\/p>\n\n\n\n<p><strong>2019-24   &#8222;Bach &#8211; Der Rebell&#8220; <\/strong>(Musical) <strong>&#8211; Maria Barbara Bach, Cover Anna<\/strong><br>Theaterhits.de | Tournee<br>Regie: Nadine K\u00fchn<\/p>\n\n\n\n<p><strong>2023-24<\/strong> <strong> &#8222;Sister Hits Act&#8220; <\/strong>(Konzert Show)<strong> &#8211; Schwester Clara, Schwester Victoria<\/strong><br>Theaterhits.de | Tournee<br>Regie: Sabine Henning<\/p>\n\n\n\n<p><strong>2023   &#8222;The Musical Sound of Christmas&#8220; <\/strong>(Musical Gala) <strong>&#8211; Solistin<\/strong><br>The Musical Sound<br>Regie: Kira Reinhard\/ Lisa-Marie Sonderegger<\/p>\n\n\n\n<p><strong>2023<\/strong>   <strong>&#8222;The Show Must Go On&#8220;<\/strong> (Musical Gala)<strong> &#8211; Ellie Houston, Cover Abigail<\/strong><br>Elspe Festival &#8211; Nat\u00fcrlich live<br>Regie: Tyler William-Steele<\/p>\n\n\n\n<p><strong>2023<\/strong>   &#8222;<strong>Unter Geiern<\/strong>&#8220; (Karl-May-Festspiele) <strong>&#8211; Ensemble<\/strong><br>Elspe Festival &#8211; Nat\u00fcrlich live<br>Regie: Marco K\u00fchne<\/p>\n\n\n\n<p><strong>2022-23<\/strong>   <strong>&#8222;Der Gl\u00f6ckner von Notre Dame&#8220;<\/strong> (Musical)<strong> &#8211; Esmeralda<\/strong><br>Theaterhits.de | Theater im Schlossgarten Arnstadt<br> Regie: Mario Zuber | Choreographie: Vanni Viscusi<\/p>\n\n\n\n<p><strong>2021-23<\/strong>   <strong>&#8222;Dracula&#8220; &#8211; Mina Murray<\/strong><br>Gruseldinner &#8211; Das Original<br>Regie: Stefanie Otten<\/p>\n\n\n\n<p><strong>2021-23<\/strong>   &#8222;<strong>V\u00f6llig Verzaubert&#8220; <\/strong>(Musical)<strong> &#8211; Cinderella<\/strong><br> Freiluft.Theater<br> Regie: Nadine K\u00fchn<\/p>\n\n\n\n<p><strong>2022<\/strong>   <strong>&#8222;Die Konferenz der Tiere&#8220; <\/strong>(Musical)<strong> &#8211; Leopoldine<\/strong><br> Theaterhits.de | Theater im Schlossgarten Arnstadt<br> Regie: Nadine K\u00fchn<\/p>\n\n\n\n<p><strong>2019-26   &#8222;Peer Gynt &#8211; Das Rockmusical&#8220; &#8211; Trollprinzessin, Swing<\/strong><br> Opernwerkstatt am Rhein<br> Regie: Sascha von Donat | Choreographie: Tatiana Feldmann<\/p>\n\n\n\n<p><strong>2019-21   &#8222;Romeo &amp; Julia &#8211; Auf den Fl\u00fcgeln der Liebe&#8220; <\/strong>(Musical) <strong>&#8211; Julia Capulet<\/strong><br> Theaterhits.de | Tournee<br> Regie: Mario Zuber | Choreographie: Vanni Viscusi<\/p>\n\n\n\n<p><strong>2019-20<\/strong>   <strong>&#8222;Blues Brothers&#8220;<\/strong> (Musical) <strong>&#8211; Backing Tanz\/Gesang<\/strong><br> Meininger Staatstheater<br> Regie: Dietmar Horcicka | Choreographie: Julia Grunwald<\/p>\n\n\n\n<p><strong>2019   &#8222;Pinocchio&#8220;  <\/strong>(Musical)<strong> &#8211; Blaue Fee<\/strong><br> Theaterhits.de | Theater Putbus<br> Regie: Mario Zuber<\/p>\n\n\n\n<p><strong>2019   &#8222;Nur noch schnell die Hochzeit retten&#8220; <\/strong>(Musical) <strong>&#8211; Baut Maike<\/strong><br> Theaterhits.de | Volksb\u00fchne am Rudolfplatz<br> Regie: Mario Zuber<\/p>\n\n\n\n<p><strong>2018-19   &#8222;Jim Knopf und Lukas der Lokomotivf\u00fchrer&#8220;  &#8211; Frau Waas, Frau Mahlzahn<\/strong><br> C2 Concerts, GOP Hannover, Kristallpalast Leipzig<br> Regie: Julian Wejwar<\/p>\n\n\n\n<p><strong>2016   &#8222;Das Geheimnis der magischen Rose&#8220; <\/strong>(Musical)<strong> &#8211; Belle<\/strong> <br> Europapark, Rust<br> Regie: Ulrich Grawunder<\/p>\n\n\n\n<p><strong>2022-25  <\/strong> <strong>&#8222;Traumatica &#8211; Festival of Fear&#8220; &#8211; diverse Sprechrollen<\/strong><br> Europapark, Rust<\/p>\n\n\n\n<p><strong>2017-21   &#8222;Traumatica&#8220; &#8211; diverse Sprechrollen<\/strong><br> Europapark, Rust<\/p>\n\n\n\n<p><strong>2014-16   &#8222;Horror Nights&#8220; &#8211; diverse Sprechrollen<\/strong><br> Europapark, Rust<\/p>\n","protected":false},"excerpt":{"rendered":"<p>2025-26\u00a0\u00a0\u00a0 &#8222;Das Ruhrical&#8220; (Musical) &#8211; Petra, EnsembleRadio RuhrpottRegie: Bernd B\u00f6hne 2025 &#8222;Rock &#8217;n&#8216; Roll Dreams&#8220; (Musikshow) &#8211; Elaine, SwingElspe Festival &#8211; Nat\u00fcrlich liveRegie, Choreografie: Annika Stumpp, Anna VogtArr.: Annika Stumpp\/ MD: Anna Vogt 2025 &#8222;Winnetou und Old Firehand &#8211; Im Tal des Todes&#8220; &#8211; EnsembleElspe Festival &#8211; Nat\u00fcrlich liveRegie: Marco K\u00fchne 2025 &#8222;Die Schl\u00fcmpfe &#8211; &hellip; <\/p>\n<p class=\"link-more\"><a href=\"https:\/\/annikastumpp.net\/?page_id=67\" class=\"more-link\"><span class=\"screen-reader-text\">\u201eB\u00dcHNE\u201c<\/span> weiterlesen<\/a><\/p>\n","protected":false},"author":1,"featured_media":0,"parent":0,"menu_order":0,"comment_status":"closed","ping_status":"closed","template":"","meta":{"footnotes":""},"class_list":["post-67","page","type-page","status-publish","hentry"],"_links":{"self":[{"href":"https:\/\/annikastumpp.net\/index.php?rest_route=\/wp\/v2\/pages\/67"}],"collection":[{"href":"https:\/\/annikastumpp.net\/index.php?rest_route=\/wp\/v2\/pages"}],"about":[{"href":"https:\/\/annikastumpp.net\/index.php?rest_route=\/wp\/v2\/types\/page"}],"author":[{"embeddable":true,"href":"https:\/\/annikastumpp.net\/index.php?rest_route=\/wp\/v2\/users\/1"}],"replies":[{"embeddable":true,"href":"https:\/\/annikastumpp.net\/index.php?rest_route=%2Fwp%2Fv2%2Fcomments&post=67"}],"version-history":[{"count":48,"href":"https:\/\/annikastumpp.net\/index.php?rest_route=\/wp\/v2\/pages\/67\/revisions"}],"predecessor-version":[{"id":1069,"href":"https:\/\/annikastumpp.net\/index.php?rest_route=\/wp\/v2\/pages\/67\/revisions\/1069"}],"wp:attachment":[{"href":"https:\/\/annikastumpp.net\/index.php?rest_route=%2Fwp%2Fv2%2Fmedia&parent=67"}],"curies":[{"name":"wp","href":"https:\/\/api.w.org\/{rel}","templated":true}]}}